{"id":5201,"date":"2026-03-10T11:40:35","date_gmt":"2026-03-10T10:40:35","guid":{"rendered":"https:\/\/photoclub43.org\/?page_id=5201"},"modified":"2026-04-04T08:05:11","modified_gmt":"2026-04-04T06:05:11","slug":"on-parle-de-nous","status":"publish","type":"page","link":"https:\/\/photoclub43.org\/?page_id=5201","title":{"rendered":"On s&rsquo;expose"},"content":{"rendered":"\n<p><a href=\"http:\/\/photoclub43.org\/wp-content\/uploads\/2026\/04\/expo-jml.jpg\">Un de nos membres expose au Puy en Velay du 9 avril au 2 mai 2026<\/a><\/p>\n\n\n\n<h3 class=\"wp-block-heading has-text-align-center\">les Ponots Graphies 2025<\/h3>\n\n\n\n<p><a href=\"http:\/\/photoclub43.org\/wp-content\/uploads\/2026\/03\/Ponots-2025-au-Departement.mp4\">Ponots Graphies 2025 \u00e0 l&rsquo;H\u00f4tel du D\u00e9partement<\/a><\/p>\n\n\n\n<p><a href=\"http:\/\/photoclub43.org\/wp-content\/uploads\/2026\/03\/Ponots-2025-departement.jpeg\">Ponots Graphies 2025 &#8211; article du D\u00e9partement<\/a><\/p>\n\n\n\n<p><a href=\"http:\/\/photoclub43.org\/wp-content\/uploads\/2026\/03\/Strada-2025_70-scaled.jpg\">Magazine Strada n\u00b0 70 &#8211; 2025<\/a><\/p>\n\n\n\n<p><a href=\"http:\/\/photoclub43.org\/wp-content\/uploads\/2026\/03\/Ponots-2025-mairie.jpg\">Ponots Graphies 2025 &#8211; Ville du Puy<\/a><\/p>\n\n\n\n<p><a href=\"http:\/\/photoclub43.org\/wp-content\/uploads\/2026\/03\/logo-enflamme-ponots-2025.mp4\">Annonce et programme Ponots Graphies 2025<\/a><\/p>\n\n\n\n<h3 class=\"wp-block-heading has-text-align-center\">nous \u00e9tions \u00e0 Photo&rsquo;Aubrac 2025<\/h3>\n\n\n\n<p><a href=\"http:\/\/photoclub43.org\/wp-content\/uploads\/2026\/03\/Photoclub43-a-PhotAubrac-2025.mp4\">Le club \u00e0 Phot&rsquo;Aubrac 2025<\/a><\/p>\n\n\n\n<h3 class=\"wp-block-heading has-text-align-center\">\u00e0 propos des Ponots Graphies 2023<\/h3>\n\n\n\n<p><a href=\"http:\/\/photoclub43.org\/wp-content\/uploads\/2026\/03\/Ponots-2023-la-commere.jpeg\">Ponots Graphies 2023 &#8211; La Comm\u00e8re<\/a><\/p>\n\n\n\n<h3 class=\"wp-block-heading has-text-align-center\">\u00e0 propos des Ponots Graphies 2021<\/h3>\n\n\n\n<p><a href=\"http:\/\/photoclub43.org\/wp-content\/uploads\/2026\/03\/Ponots-2021-au-Departement.mp4\">Ponots Graphies 2021 \u00e0 l&rsquo;H\u00f4tel du D\u00e9partement<\/a><\/p>\n\n\n\n<p><a href=\"http:\/\/photoclub43.org\/wp-content\/uploads\/2026\/03\/Ponots-2021-la-commere.jpeg\">Ponots Graphies 2021 &#8211; La Comm\u00e8re<\/a><\/p>\n\n\n\n<h3 class=\"wp-block-heading has-text-align-center\">\u00e0 propos des Ponots Graphies 2019<\/h3>\n\n\n\n<p><a href=\"http:\/\/photoclub43.org\/wp-content\/uploads\/2026\/03\/Ponots-2019-leveil.jpeg\">Ponots Graphies 2019 &#8211; quotidien L&rsquo;\u00c9veil<\/a><\/p>\n\n\n\n<p><a href=\"http:\/\/photoclub43.org\/wp-content\/uploads\/2026\/03\/Ponots-2019-la-commere.jpeg\">Ponots Graphies 2019 &#8211; La Comm\u00e8re<\/a><\/p>\n\n\n\n<h3 class=\"wp-block-heading has-text-align-center\">\u00e0 propos des Ponots Graphies 2011<\/h3>\n\n\n\n<p><a href=\"http:\/\/photoclub43.org\/wp-content\/uploads\/2026\/03\/Strada-2011_14-scaled.jpg\">Magazine Strada n\u00b0 14 &#8211; 2011<\/a><\/p>\n","protected":false},"excerpt":{"rendered":"<p>Un de nos membres expose au Puy en Velay du 9 avril au 2 mai 2026 les Ponots Graphies 2025 Ponots Graphies 2025 \u00e0 l&rsquo;H\u00f4tel du D\u00e9partement Ponots Graphies 2025 &#8211; article du D\u00e9partement Magazine Strada n\u00b0 70 &#8211; 2025 &hellip; <a href=\"https:\/\/photoclub43.org\/?page_id=5201\">Continuer la lecture <span class=\"meta-nav\">&rarr;<\/span><\/a><\/p>\n","protected":false},"author":62,"featured_media":0,"parent":0,"menu_order":0,"comment_status":"closed","ping_status":"closed","template":"","meta":{"ngg_post_thumbnail":0,"footnotes":""},"class_list":["post-5201","page","type-page","status-publish","hentry"],"_links":{"self":[{"href":"https:\/\/photoclub43.org\/index.php?rest_route=\/wp\/v2\/pages\/5201","targetHints":{"allow":["GET"]}}],"collection":[{"href":"https:\/\/photoclub43.org\/index.php?rest_route=\/wp\/v2\/pages"}],"about":[{"href":"https:\/\/photoclub43.org\/index.php?rest_route=\/wp\/v2\/types\/page"}],"author":[{"embeddable":true,"href":"https:\/\/photoclub43.org\/index.php?rest_route=\/wp\/v2\/users\/62"}],"replies":[{"embeddable":true,"href":"https:\/\/photoclub43.org\/index.php?rest_route=%2Fwp%2Fv2%2Fcomments&post=5201"}],"version-history":[{"count":36,"href":"https:\/\/photoclub43.org\/index.php?rest_route=\/wp\/v2\/pages\/5201\/revisions"}],"predecessor-version":[{"id":5328,"href":"https:\/\/photoclub43.org\/index.php?rest_route=\/wp\/v2\/pages\/5201\/revisions\/5328"}],"wp:attachment":[{"href":"https:\/\/photoclub43.org\/index.php?rest_route=%2Fwp%2Fv2%2Fmedia&parent=5201"}],"curies":[{"name":"wp","href":"https:\/\/api.w.org\/{rel}","templated":true}]}}