{"id":49,"date":"2018-11-14T09:45:34","date_gmt":"2018-11-14T08:45:34","guid":{"rendered":"http:\/\/photoclub43.org\/?page_id=49"},"modified":"2019-01-12T21:55:45","modified_gmt":"2019-01-12T20:55:45","slug":"2017-2","status":"publish","type":"page","link":"https:\/\/photoclub43.org\/?page_id=49","title":{"rendered":"2017"},"content":{"rendered":"<h2 style=\"text-align: center;\"><em><strong>Les Ponots Graphies 2017<\/strong><\/em><\/h2>\n<p><a href=\"http:\/\/photoclub43.org\/?page_id=2\">&lt; Les Ponots Graphies<\/a><\/p>\n<p>&nbsp;<\/p>\n<p>\u00ab\u00a0L&rsquo;eau dans tous ses \u00e9tats\u00a0\u00bb Galerie Jean-Claude Simon \u00e0 l&rsquo;H\u00f4tel du D\u00e9partement<\/p>\n\n<p>&nbsp;<\/p>\n","protected":false},"excerpt":{"rendered":"<p>Les Ponots Graphies 2017 &lt; Les Ponots Graphies &nbsp; \u00ab\u00a0L&rsquo;eau dans tous ses \u00e9tats\u00a0\u00bb Galerie Jean-Claude Simon \u00e0 l&rsquo;H\u00f4tel du D\u00e9partement &nbsp;<\/p>\n","protected":false},"author":1,"featured_media":0,"parent":0,"menu_order":0,"comment_status":"closed","ping_status":"closed","template":"","meta":{"ngg_post_thumbnail":0,"footnotes":""},"class_list":["post-49","page","type-page","status-publish","hentry"],"_links":{"self":[{"href":"https:\/\/photoclub43.org\/index.php?rest_route=\/wp\/v2\/pages\/49","targetHints":{"allow":["GET"]}}],"collection":[{"href":"https:\/\/photoclub43.org\/index.php?rest_route=\/wp\/v2\/pages"}],"about":[{"href":"https:\/\/photoclub43.org\/index.php?rest_route=\/wp\/v2\/types\/page"}],"author":[{"embeddable":true,"href":"https:\/\/photoclub43.org\/index.php?rest_route=\/wp\/v2\/users\/1"}],"replies":[{"embeddable":true,"href":"https:\/\/photoclub43.org\/index.php?rest_route=%2Fwp%2Fv2%2Fcomments&post=49"}],"version-history":[{"count":19,"href":"https:\/\/photoclub43.org\/index.php?rest_route=\/wp\/v2\/pages\/49\/revisions"}],"predecessor-version":[{"id":1135,"href":"https:\/\/photoclub43.org\/index.php?rest_route=\/wp\/v2\/pages\/49\/revisions\/1135"}],"wp:attachment":[{"href":"https:\/\/photoclub43.org\/index.php?rest_route=%2Fwp%2Fv2%2Fmedia&parent=49"}],"curies":[{"name":"wp","href":"https:\/\/api.w.org\/{rel}","templated":true}]}}