{"id":409,"date":"2018-11-20T18:59:15","date_gmt":"2018-11-20T17:59:15","guid":{"rendered":"http:\/\/photoclub43.org\/?page_id=409"},"modified":"2025-12-08T18:36:49","modified_gmt":"2025-12-08T17:36:49","slug":"diaporamas","status":"publish","type":"page","link":"https:\/\/photoclub43.org\/?page_id=409","title":{"rendered":"Diaporamas"},"content":{"rendered":"<p>&nbsp;<\/p>\n<p>Autre style : l&rsquo;architecture renaissance au Puy en Velay, toujours en diapositives argentiques scann\u00e9es, sur un travail extr\u00eamement document\u00e9 de D. Brunon :<\/p>\n<p style=\"text-align: center;\"><a href=\"https:\/\/youtu.be\/yf7JsAuwX18\" target=\"_blank\" rel=\"noopener noreferrer\">La Renaissance au Puy-en-Velay<\/a><\/p>\n","protected":false},"excerpt":{"rendered":"<p>&nbsp; Autre style : l&rsquo;architecture renaissance au Puy en Velay, toujours en diapositives argentiques scann\u00e9es, sur un travail extr\u00eamement document\u00e9 de D. Brunon : La Renaissance au Puy-en-Velay<\/p>\n","protected":false},"author":1,"featured_media":0,"parent":0,"menu_order":0,"comment_status":"closed","ping_status":"closed","template":"","meta":{"ngg_post_thumbnail":0,"footnotes":""},"class_list":["post-409","page","type-page","status-publish","hentry"],"_links":{"self":[{"href":"https:\/\/photoclub43.org\/index.php?rest_route=\/wp\/v2\/pages\/409","targetHints":{"allow":["GET"]}}],"collection":[{"href":"https:\/\/photoclub43.org\/index.php?rest_route=\/wp\/v2\/pages"}],"about":[{"href":"https:\/\/photoclub43.org\/index.php?rest_route=\/wp\/v2\/types\/page"}],"author":[{"embeddable":true,"href":"https:\/\/photoclub43.org\/index.php?rest_route=\/wp\/v2\/users\/1"}],"replies":[{"embeddable":true,"href":"https:\/\/photoclub43.org\/index.php?rest_route=%2Fwp%2Fv2%2Fcomments&post=409"}],"version-history":[{"count":15,"href":"https:\/\/photoclub43.org\/index.php?rest_route=\/wp\/v2\/pages\/409\/revisions"}],"predecessor-version":[{"id":4862,"href":"https:\/\/photoclub43.org\/index.php?rest_route=\/wp\/v2\/pages\/409\/revisions\/4862"}],"wp:attachment":[{"href":"https:\/\/photoclub43.org\/index.php?rest_route=%2Fwp%2Fv2%2Fmedia&parent=409"}],"curies":[{"name":"wp","href":"https:\/\/api.w.org\/{rel}","templated":true}]}}