{"id":406,"date":"2018-11-20T18:57:43","date_gmt":"2018-11-20T17:57:43","guid":{"rendered":"http:\/\/photoclub43.org\/?page_id=406"},"modified":"2026-04-13T17:58:34","modified_gmt":"2026-04-13T15:58:34","slug":"lassociation","status":"publish","type":"page","link":"https:\/\/photoclub43.org\/","title":{"rendered":"L&rsquo;association"},"content":{"rendered":"\t\t<div data-elementor-type=\"wp-page\" data-elementor-id=\"406\" class=\"elementor elementor-406\">\n\t\t\t\t<div class=\"elementor-element elementor-element-675e77ff e-flex e-con-boxed e-con e-parent\" data-id=\"675e77ff\" data-element_type=\"container\" data-e-type=\"container\">\n\t\t\t\t\t<div class=\"e-con-inner\">\n\t\t\t\t<div class=\"elementor-element elementor-element-78f7dea4 elementor-widget elementor-widget-text-editor\" data-id=\"78f7dea4\" data-element_type=\"widget\" data-e-type=\"widget\" data-widget_type=\"text-editor.default\">\n\t\t\t\t\t\t\t\t\t\n<p>En 1973, un groupe de personnes faisant partie d&rsquo;une association de parents d&rsquo;\u00e9l\u00e8ves du quartier de Guitard pratiquait diff\u00e9rentes activit\u00e9s dont la photographie, le cyclotourisme, un atelier de c\u00e9ramique, le tennis de table &#8230;<\/p>\n<p><\/p>\n<p>Quelques ann\u00e9es plus tard, en 1982, fut cr\u00e9\u00e9 le PHOTO CLUB DE GUITARD.<\/p>\n<p><\/p>\n<p>L&rsquo;association prend forme et cr\u00e9e ses premiers statuts cette ann\u00e9e l\u00e0. Install\u00e9e dans les b\u00e2timents du \u00ab\u00a0Mille-Club\u00a0\u00bb, puis dans l&rsquo;immeuble \u00e0 la place de la piscine actuelle, puis au sommet d&rsquo;une tour de Guitard, pour enfin rejoindre l&rsquo;immeuble Azur 4 rue de Dunkerque \u00e0 Guitard.<\/p>\n<p><\/p>\n<p>Le but de ce club est l&rsquo;apprentissage de la photo dans toutes ses dimensions. Longtemps autour de la photo argentique toujours enseign\u00e9e pour les int\u00e9ress\u00e9(e)s, nous avons su \u00e9voluer avec les techniques num\u00e9riques.<\/p>\n<p><\/p>\n<p>Le club propose des r\u00e9unions hebdomadaires, de la formation prise de vue, des soir\u00e9es critiques, des travaux \u00e0 th\u00e8mes, des expositions, et un \u00e9v\u00e8nement tous les 2 ans :<a href=\"http:\/\/photoclub43.org\/?page_id=2\" target=\"_blank\" rel=\"noopener noreferrer\">\u00ab\u00a0Les Ponots Graphies\u00a0\u00bb<\/a>.<\/p>\n<p><\/p>\n<p>Le Photoclub se r\u00e9unit tous les mardis soir \u00e0 20h dans notre <a href=\"http:\/\/photoclub43.org\/?page_id=31\" target=\"_blank\" rel=\"noopener noreferrer\">local<\/a>, organise des sorties \u00e0 th\u00e8mes, des week-ends, propose des expositions collectives ou de membres adh\u00e9rents. Des formations sont \u00e9galement dispens\u00e9es au sein du club et occasionnellement par des professionnels intervenants.<\/p>\n\n<h4 class=\"wp-block-heading has-text-align-center\">le bureau actuel :<\/h4>\n\n<h4 class=\"wp-block-heading has-text-align-center\">co-pr\u00e9sidence : Besson Quentin, Kugel Ingrid<\/h4>\n\n<h4 class=\"wp-block-heading has-text-align-center\">tr\u00e9sori\u00e8re :\u00a0 Couder Sophie\u00a0<\/h4>\n\n<p>\u00a0<\/p>\n\t\t\t\t\t\t\t\t<\/div>\n\t\t\t\t\t<\/div>\n\t\t\t\t<\/div>\n\t\t\t\t<\/div>\n\t\t","protected":false},"excerpt":{"rendered":"<p>En 1973, un groupe de personnes faisant partie d&rsquo;une association de parents d&rsquo;\u00e9l\u00e8ves du quartier de Guitard pratiquait diff\u00e9rentes activit\u00e9s dont la photographie, le cyclotourisme, un atelier de c\u00e9ramique, le tennis de table &#8230; Quelques ann\u00e9es plus tard, en 1982, &hellip; <a href=\"https:\/\/photoclub43.org\/\">Continuer la lecture <span class=\"meta-nav\">&rarr;<\/span><\/a><\/p>\n","protected":false},"author":1,"featured_media":0,"parent":0,"menu_order":0,"comment_status":"closed","ping_status":"closed","template":"elementor_header_footer","meta":{"ngg_post_thumbnail":0,"footnotes":""},"class_list":["post-406","page","type-page","status-publish","hentry"],"_links":{"self":[{"href":"https:\/\/photoclub43.org\/index.php?rest_route=\/wp\/v2\/pages\/406","targetHints":{"allow":["GET"]}}],"collection":[{"href":"https:\/\/photoclub43.org\/index.php?rest_route=\/wp\/v2\/pages"}],"about":[{"href":"https:\/\/photoclub43.org\/index.php?rest_route=\/wp\/v2\/types\/page"}],"author":[{"embeddable":true,"href":"https:\/\/photoclub43.org\/index.php?rest_route=\/wp\/v2\/users\/1"}],"replies":[{"embeddable":true,"href":"https:\/\/photoclub43.org\/index.php?rest_route=%2Fwp%2Fv2%2Fcomments&post=406"}],"version-history":[{"count":79,"href":"https:\/\/photoclub43.org\/index.php?rest_route=\/wp\/v2\/pages\/406\/revisions"}],"predecessor-version":[{"id":5371,"href":"https:\/\/photoclub43.org\/index.php?rest_route=\/wp\/v2\/pages\/406\/revisions\/5371"}],"wp:attachment":[{"href":"https:\/\/photoclub43.org\/index.php?rest_route=%2Fwp%2Fv2%2Fmedia&parent=406"}],"curies":[{"name":"wp","href":"https:\/\/api.w.org\/{rel}","templated":true}]}}